{"id":105,"date":"2025-07-12T18:59:01","date_gmt":"2025-07-12T15:59:01","guid":{"rendered":"https:\/\/www.aynuraydiner.com\/de\/hakkimda\/"},"modified":"2026-01-27T20:54:19","modified_gmt":"2026-01-27T17:54:19","slug":"uber-mich","status":"publish","type":"page","link":"https:\/\/www.aynuraydiner.com\/de\/uber-mich\/","title":{"rendered":"\u00dcber Mich"},"content":{"rendered":"\t\t<div data-elementor-type=\"wp-page\" data-elementor-id=\"105\" class=\"elementor elementor-105\" data-elementor-post-type=\"page\">\n\t\t\t\t<div class=\"elementor-element elementor-element-65168cc3 e-con-full e-flex e-con e-parent\" data-id=\"65168cc3\" data-element_type=\"container\" data-e-type=\"container\">\n\t\t\t\t<div class=\"elementor-element elementor-element-2bb64b68 elementor-widget elementor-widget-heading\" data-id=\"2bb64b68\" data-element_type=\"widget\" data-e-type=\"widget\" data-widget_type=\"heading.default\">\n\t\t\t\t<div class=\"elementor-widget-container\">\n\t\t\t\t\t<h2 class=\"elementor-heading-title elementor-size-default\">Wer bin ich? \u2013 Eine Reise nach innen<\/h2>\t\t\t\t<\/div>\n\t\t\t\t<\/div>\n\t\t<div class=\"elementor-element elementor-element-1b3f5e2f e-con-full e-flex e-con e-child\" data-id=\"1b3f5e2f\" data-element_type=\"container\" data-e-type=\"container\">\n\t\t<div class=\"elementor-element elementor-element-7bffc74 e-con-full e-flex e-con e-child\" data-id=\"7bffc74\" data-element_type=\"container\" data-e-type=\"container\">\n\t\t\t\t<div class=\"elementor-element elementor-element-2098a2e8 elementor-widget elementor-widget-text-editor\" data-id=\"2098a2e8\" data-element_type=\"widget\" data-e-type=\"widget\" data-widget_type=\"text-editor.default\">\n\t\t\t\t<div class=\"elementor-widget-container\">\n\t\t\t\t\t\t\t\t\t<p>Hallo, ich bin Aynur Ayd\u0131ner \u2013 eine zertifizierte ganzheitliche Ern\u00e4hrungsberaterin, die davon \u00fcberzeugt ist, dass gesunde Ern\u00e4hrung nicht nur damit zu tun hat, <em>was<\/em> wir essen, sondern auch <em>wie<\/em> wir leben.<\/p>\n<p>Mein medizinischer Hintergrund, meine Erfahrung in der Lebensmittelindustrie sowie meine pers\u00f6nliche Gesundheitsreise haben mir gezeigt:<br \/><strong>Wahre Gesundheit entsteht im Gleichklang von K\u00f6rper, Geist und Seele.<\/strong><\/p>\n<p>In der Geschichte der Menschheit war es wohl noch nie so wichtig wie heute, Verantwortung f\u00fcr die eigene Gesundheit zu \u00fcbernehmen und den Lebensstil bewusst zu gestalten.<br \/>T\u00e4glich sind wir tausenden Stressfaktoren und Toxinen ausgesetzt \u2013 sie wirken schleichend und f\u00fcllen unser \u201einneres Fass\u201c Tropfen f\u00fcr Tropfen:<br \/>Dazu z\u00e4hlen Umwelt- und Luftgifte, belastetes Trinkwasser, verarbeitete Lebensmittel, Medikamente, Kleidung, Kosmetikprodukte, elektromagnetische Strahlung, Stress, Angstzust\u00e4nde, Bewegungsmangel und eine mangelhafte Ern\u00e4hrung, die arm an Mikron\u00e4hrstoffen ist.<br \/>Au\u00dferdem konsumieren wir zu viel, zu fett, zu s\u00fc\u00df, zu fleischlastig.<\/p>\n<p>K\u00f6nnten all diese Faktoren ein Grund daf\u00fcr sein, warum chronische Erkrankungen, Krebs, neurologische St\u00f6rungen, Hautprobleme und Herz-Kreislauf-Erkrankungen in unserer modernen Zivilisation rapide zunehmen?<br \/>Ist es m\u00f6glich, Verantwortung f\u00fcr unsere Gesundheit wieder selbst zu \u00fcbernehmen und aktiv f\u00fcr ein gesundes Leben zu sorgen?<\/p>\n<p><strong>Ich glaube: Ja. Und diese Antwort k\u00f6nnen wir gemeinsam entdecken.<\/strong><\/p>\n<p>Auch ich habe einst mit chronischen Beschwerden, schlechten Blutwerten und Medikamentenabh\u00e4ngigkeit gek\u00e4mpft. Aber ich habe nicht aufgegeben.<br \/>Aufgrund meines medizinischen Wissens konnte ich rund 200 nationalen und internationalen Artikeln, B\u00fcchern und wissenschaftlichen Quellen recherchiert, somit habe ich nicht nur meine eigene Gesundheit zur\u00fcckgewonnen \u2013 ich habe mich auch entschlossen, mein Wissen zu vertiefen und weiterzugeben.<\/p>\n<p>Heute begleite ich Menschen auf ihrem Weg zu einem ges\u00fcnderen Leben \u2013 mit ganzheitlicher Ern\u00e4hrungsberatung, Elementen aus der funktionellen Medizin sowie einem integrativen Ansatz, der K\u00f6rper, Geist und Seele miteinander verbindet.<\/p>\t\t\t\t\t\t\t\t<\/div>\n\t\t\t\t<\/div>\n\t\t\t\t<div class=\"elementor-element elementor-element-ed69d19 elementor-widget elementor-widget-heading\" data-id=\"ed69d19\" data-element_type=\"widget\" data-e-type=\"widget\" data-widget_type=\"heading.default\">\n\t\t\t\t<div class=\"elementor-widget-container\">\n\t\t\t\t\t<h2 class=\"elementor-heading-title elementor-size-default\">Ausbildung &amp; Erfahrung im \u00dcberblick<\/h2>\t\t\t\t<\/div>\n\t\t\t\t<\/div>\n\t\t\t\t<div class=\"elementor-element elementor-element-4837ac5 elementor-widget elementor-widget-text-editor\" data-id=\"4837ac5\" data-element_type=\"widget\" data-e-type=\"widget\" data-widget_type=\"text-editor.default\">\n\t\t\t\t<div class=\"elementor-widget-container\">\n\t\t\t\t\t\t\t\t\t<ul>\n<li><strong>Medizinstudium: <\/strong>Universit\u00e4tsklinikum Essen \u2013 Essen, Deutschland\u00a0(1986-1990)<\/li>\n<\/ul>\n<p><!-- \/wp:list-item --><\/p>\n<p><!-- wp:list-item --><\/p>\n<ul>\n<li><strong>Lebensmitteleinkauf in internationalen Unternehmen: <\/strong>real,- \/ MGB \u2013 T\u00fcrkei\u00a0(1998- 2005)<\/li>\n<\/ul>\n<p><!-- \/wp:list-item --><\/p>\n<p><!-- wp:list-item --><\/p>\n<p><strong>Ausbildungen in ganzheitlicher Gesundheit, Ern\u00e4hrung &amp; Funktioneller Medizin:<\/strong> (2020-2024)<\/p>\n<p><!-- \/wp:list-item --><\/p>\n<p><!-- wp:list-item --><\/p>\n<ul>\n<li>Sakarya Universit\u00e4t (T\u00fcrkei)\u2013 Coaching f\u00fcr gesunde Ern\u00e4hrung<\/li>\n<\/ul>\n<p><!-- \/wp:list-item --><\/p>\n<p><!-- wp:list-item --><\/p>\n<ul>\n<li>Internationale Weiterbildung \u2013 Medumio Academy, Riccon Academy, Akademie f\u00fcr Gesundheit und Sport<\/li>\n<\/ul>\n<p>Hunderte wissenschaftliche Quellen und praktische Lebenserfahrung<\/p>\n<p>\u00a0<\/p>\t\t\t\t\t\t\t\t<\/div>\n\t\t\t\t<\/div>\n\t\t\t\t<div class=\"elementor-element elementor-element-bf69cd6 elementor-widget elementor-widget-heading\" data-id=\"bf69cd6\" data-element_type=\"widget\" data-e-type=\"widget\" data-widget_type=\"heading.default\">\n\t\t\t\t<div class=\"elementor-widget-container\">\n\t\t\t\t\t<h2 class=\"elementor-heading-title elementor-size-default\">Was mache ich heute?<\/h2>\t\t\t\t<\/div>\n\t\t\t\t<\/div>\n\t\t\t\t<div class=\"elementor-element elementor-element-78b35e2 elementor-widget elementor-widget-text-editor\" data-id=\"78b35e2\" data-element_type=\"widget\" data-e-type=\"widget\" data-widget_type=\"text-editor.default\">\n\t\t\t\t<div class=\"elementor-widget-container\">\n\t\t\t\t\t\t\t\t\t<p>Heute betrachte ich Gesundheit aus einer <strong>ganzheitlichen Perspektive<\/strong>, die \u00fcber Ern\u00e4hrung hinausgeht.<br \/>Ich besch\u00e4ftige mich mit:<\/p>\n<ul>\n<li>den biologischen und chemischen Bed\u00fcrfnissen des K\u00f6rpers,<\/li>\n<li>den Gewohnheiten und Hungermustern des Geistes<\/li>\n<li>und der emotionalen Verbindung der Seele zur Ern\u00e4hrung.<\/li>\n<\/ul>\n<p>Mit meinen Beratungsangeboten vermittle ich nicht nur Wissen, sondern vor allem <strong>Bewusstsein und Transformation<\/strong>.<br \/>Denn nicht nur <em>was<\/em> Sie essen ist entscheidend \u2013 sondern auch <em>warum<\/em> Sie essen und <em>wie<\/em> Sie sich dabei f\u00fchlen.<\/p>\t\t\t\t\t\t\t\t<\/div>\n\t\t\t\t<\/div>\n\t\t\t\t<\/div>\n\t\t<div class=\"elementor-element elementor-element-426978b2 e-con-full e-flex e-con e-child\" data-id=\"426978b2\" data-element_type=\"container\" data-e-type=\"container\" data-settings=\"{&quot;background_background&quot;:&quot;classic&quot;}\">\n\t\t\t\t<div class=\"elementor-element elementor-element-43b2b312 elementor-widget elementor-widget-image\" data-id=\"43b2b312\" data-element_type=\"widget\" data-e-type=\"widget\" data-widget_type=\"image.default\">\n\t\t\t\t<div class=\"elementor-widget-container\">\n\t\t\t\t\t\t\t\t\t\t\t\t\t\t\t<img decoding=\"async\" src=\"https:\/\/www.aynuraydiner.com\/de\/wp-content\/uploads\/sites\/2\/2026\/01\/aynur2026.jpg\" title=\"aynur2026\" alt=\"aynur2026\" loading=\"lazy\" \/>\t\t\t\t\t\t\t\t\t\t\t\t\t\t\t<\/div>\n\t\t\t\t<\/div>\n\t\t\t\t<\/div>\n\t\t\t\t<\/div>\n\t\t\t\t<div class=\"elementor-element elementor-element-9517e19 elementor-widget elementor-widget-heading\" data-id=\"9517e19\" data-element_type=\"widget\" data-e-type=\"widget\" data-widget_type=\"heading.default\">\n\t\t\t\t<div class=\"elementor-widget-container\">\n\t\t\t\t\t<h2 class=\"elementor-heading-title elementor-size-default\">Mit wem arbeite ich?<\/h2>\t\t\t\t<\/div>\n\t\t\t\t<\/div>\n\t\t\t\t<div class=\"elementor-element elementor-element-60755ecb elementor-widget elementor-widget-text-editor\" data-id=\"60755ecb\" data-element_type=\"widget\" data-e-type=\"widget\" data-widget_type=\"text-editor.default\">\n\t\t\t\t<div class=\"elementor-widget-container\">\n\t\t\t\t\t\t\t\t\t<figure class=\"wp-block-image size-full\"><\/figure>\n<p><!-- \/wp:image --><\/p>\n<p><!-- wp:safirtema\/mainheading {\"icon\":\"kurumsal\",\"text\":\"Ben Kimim? \u2013 \u0130\u00e7ten Bir Yolculuk\",\"tag\":\"h2\",\"className\":\"wp-block-safirtema-mainheading singleHeading mainHeading\"} \/--><\/p>\n<p><!-- wp:paragraph --><\/p>\n<p><!-- \/wp:paragraph --><\/p>\n<p><!-- wp:safirtema\/mainheading {\"icon\":\"kalem\",\"text\":\"E\u011fitim \\u0026 Deneyim \u00d6zeti\",\"className\":\"wp-block-safirtema-mainheading singleHeading mainHeading\"} \/--><\/p>\n<p><!-- wp:list {\"ozelliste\":true,\"sutun\":\"1\"} --><\/p>\n<div class=\"safir-list\" data-col=\"1\">\n<ul class=\"wp-block-list\"><!-- wp:list-item --><\/ul>\n<\/div>\n<p><!-- \/wp:paragraph --><\/p>\n<p><!-- wp:safirtema\/mainheading {\"icon\":\"anlasma\",\"text\":\"Kiminle \u00c7al\u0131\u015f\u0131yorum?\"} \/--><\/p>\n<p><!-- wp:list {\"ozelliste\":true,\"sutun\":\"1\"} --><\/p>\n<div class=\"safir-list\" data-col=\"1\">\n<ul class=\"wp-block-list\"><!-- wp:list-item --><\/ul>\n<\/div>\n<ul>\n<li>Mit Menschen, die gesund leben oder Gewicht verlieren m\u00f6chten<\/li>\n<li>Mit Personen, die unter chronischer Ersch\u00f6pfung, Verdauungsproblemen oder Stress leiden<\/li>\n<li>Mit allen, die sich eine bessere Lebensqualit\u00e4t w\u00fcnschen, aber nicht wissen, wo sie anfangen sollen<\/li>\n<\/ul>\n<p>\u00a0<\/p>\n<p><strong>Meine Philosophie:<\/strong><br \/>&#8220;Der K\u00f6rper ist nicht nur physisch \u2013 er ist eine Einheit aus K\u00f6rper, Geist und Seele. Gemeinsam k\u00f6nnen wir dieses Gleichgewicht wiederherstellen.\u201c<\/p>\n<p>Wenn auch Sie nicht l\u00e4nger nur Symptome behandeln, sondern die <strong>wahren Ursachen erkennen<\/strong> und Ihre Gesundheit <strong>ganzheitlich transformieren<\/strong> m\u00f6chten&#8230;<\/p>\n<p><br \/>Ich bin hier \u2013 bereit, diesen Weg gemeinsam mit Ihnen zu gehen.<\/p>\n<p><!-- \/wp:paragraph --><\/p>\t\t\t\t\t\t\t\t<\/div>\n\t\t\t\t<\/div>\n\t\t\t\t<\/div>\n\t\t\t\t<\/div>\n\t\t","protected":false},"excerpt":{"rendered":"<p>Zertifizierte Beraterin f\u00fcr ganzheitliche Gesundheit und Ern\u00e4hrung<\/p>\n","protected":false},"author":1,"featured_media":108,"parent":0,"menu_order":0,"comment_status":"closed","ping_status":"closed","template":"","meta":{"footnotes":""},"class_list":["post-105","page","type-page","status-publish","has-post-thumbnail","hentry"],"_links":{"self":[{"href":"https:\/\/www.aynuraydiner.com\/de\/wp-json\/wp\/v2\/pages\/105","targetHints":{"allow":["GET"]}}],"collection":[{"href":"https:\/\/www.aynuraydiner.com\/de\/wp-json\/wp\/v2\/pages"}],"about":[{"href":"https:\/\/www.aynuraydiner.com\/de\/wp-json\/wp\/v2\/types\/page"}],"author":[{"embeddable":true,"href":"https:\/\/www.aynuraydiner.com\/de\/wp-json\/wp\/v2\/users\/1"}],"replies":[{"embeddable":true,"href":"https:\/\/www.aynuraydiner.com\/de\/wp-json\/wp\/v2\/comments?post=105"}],"version-history":[{"count":37,"href":"https:\/\/www.aynuraydiner.com\/de\/wp-json\/wp\/v2\/pages\/105\/revisions"}],"predecessor-version":[{"id":431,"href":"https:\/\/www.aynuraydiner.com\/de\/wp-json\/wp\/v2\/pages\/105\/revisions\/431"}],"wp:featuredmedia":[{"embeddable":true,"href":"https:\/\/www.aynuraydiner.com\/de\/wp-json\/wp\/v2\/media\/108"}],"wp:attachment":[{"href":"https:\/\/www.aynuraydiner.com\/de\/wp-json\/wp\/v2\/media?parent=105"}],"curies":[{"name":"wp","href":"https:\/\/api.w.org\/{rel}","templated":true}]}}