{"id":116,"date":"2025-07-12T18:59:04","date_gmt":"2025-07-12T15:59:04","guid":{"rendered":"http:\/\/aynur"},"modified":"2025-08-09T10:41:36","modified_gmt":"2025-08-09T07:41:36","slug":"datenschutz","status":"publish","type":"page","link":"https:\/\/www.aynuraydiner.com\/de\/datenschutz\/","title":{"rendered":"Datenschutz"},"content":{"rendered":"\t\t<div data-elementor-type=\"wp-page\" data-elementor-id=\"116\" class=\"elementor elementor-116\" data-elementor-post-type=\"page\">\n\t\t\t\t<div class=\"elementor-element elementor-element-66a66d6d e-flex e-con-boxed e-con e-parent\" data-id=\"66a66d6d\" data-element_type=\"container\" data-e-type=\"container\">\n\t\t\t\t\t<div class=\"e-con-inner\">\n\t\t\t\t\t<\/div>\n\t\t\t\t<\/div>\n\t\t<div class=\"elementor-element elementor-element-3a84482 e-grid e-con-boxed e-con e-parent\" data-id=\"3a84482\" data-element_type=\"container\" data-e-type=\"container\">\n\t\t\t\t\t<div class=\"e-con-inner\">\n\t\t\t\t<div class=\"elementor-element elementor-element-6d4fc9c elementor-widget elementor-widget-text-editor\" data-id=\"6d4fc9c\" data-element_type=\"widget\" data-e-type=\"widget\" data-widget_type=\"text-editor.default\">\n\t\t\t\t<div class=\"elementor-widget-container\">\n\t\t\t\t\t\t\t\t\t<ul>\n<li class=\"p1\">Der Schutz Ihrer pers\u00f6nlichen Daten ist mir sehr wichtig. Auf dieser Website werden Ihre pers\u00f6nlichen Daten nicht aktiv erhoben oder verarbeitet. Es gibt keine Registrierung, keinen Newsletter-Versand, keinen Verkauf und keine Analyse.<\/li>\n<li class=\"p1\">Allerdings k\u00f6nnen technische Daten (z. B. Ihre IP-Adresse, der verwendete Browser usw.) vom Hosting-Anbieter (z. B. beim Zugriff auf die Website) automatisch in den Serverprotokollen gespeichert werden. Diese Daten werden ausschlie\u00dflich zu technischen Sicherheitszwecken verwendet und nicht f\u00fcr Marketing- oder Trackingzwecke genutzt.<\/li>\n<li class=\"p1\">Es werden keine Cookies oder Tracking-Tools (wie Google Analytics) verwendet.<\/li>\n<li class=\"p1\">Wenn Sie per E-Mail Kontakt mit mir aufnehmen, werden Ihre Daten nur zur Beantwortung Ihrer Anfrage verwendet und nicht an Dritte weitergegeben.<\/li>\n<li class=\"p1\">Diese Website verwendet keine Cookies und speichert keinerlei Informationen \u00fcber Ihr Nutzungsverhalten.<\/li>\n<li class=\"p1\">Die Inhalte auf dieser Website dienen ausschlie\u00dflich zu Informationszwecken im Rahmen einer ganzheitlichen Ern\u00e4hrungsberatung. Sie ersetzen keine medizinische Diagnose oder Behandlung. Bitte wenden Sie sich bei gesundheitlichen Problemen an eine medizinische Fachkraft.<\/li>\n<li class=\"p1\">Alle Inhalte wurden nach bestem wissenschaftlichem Wissen erstellt. Es wird keine Garantie f\u00fcr die Richtigkeit, Vollst\u00e4ndigkeit und Aktualit\u00e4t der Inhalte \u00fcbernommen.<\/li>\n<li class=\"p1\">Alle Texte, Bilder und Inhalte auf dieser Seite sind urheberrechtlich gesch\u00fctzt. Eine Nutzung oder Vervielf\u00e4ltigung ohne schriftliche Genehmigung ist nicht gestattet.<\/li>\n<\/ul>\t\t\t\t\t\t\t\t<\/div>\n\t\t\t\t<\/div>\n\t\t<div class=\"elementor-element elementor-element-804978b e-con-full e-flex e-con e-child\" data-id=\"804978b\" data-element_type=\"container\" data-e-type=\"container\">\n\t\t\t\t<\/div>\n\t\t\t\t\t<\/div>\n\t\t\t\t<\/div>\n\t\t\t\t<\/div>\n\t\t","protected":false},"excerpt":{"rendered":"<p>Der Schutz Ihrer pers\u00f6nlichen Daten ist mir sehr wichtig. Auf dieser Website werden Ihre pers\u00f6nlichen Daten nicht aktiv erhoben oder verarbeitet. Es gibt keine Registrierung, keinen Newsletter-Versand, keinen Verkauf und keine Analyse. Allerdings k\u00f6nnen technische Daten (z. B. Ihre IP-Adresse, der verwendete Browser usw.) vom Hosting-Anbieter (z. B. beim Zugriff auf die Website) automatisch in [&hellip;]<\/p>\n","protected":false},"author":1,"featured_media":0,"parent":0,"menu_order":0,"comment_status":"closed","ping_status":"closed","template":"","meta":{"footnotes":""},"class_list":["post-116","page","type-page","status-publish","hentry"],"_links":{"self":[{"href":"https:\/\/www.aynuraydiner.com\/de\/wp-json\/wp\/v2\/pages\/116","targetHints":{"allow":["GET"]}}],"collection":[{"href":"https:\/\/www.aynuraydiner.com\/de\/wp-json\/wp\/v2\/pages"}],"about":[{"href":"https:\/\/www.aynuraydiner.com\/de\/wp-json\/wp\/v2\/types\/page"}],"author":[{"embeddable":true,"href":"https:\/\/www.aynuraydiner.com\/de\/wp-json\/wp\/v2\/users\/1"}],"replies":[{"embeddable":true,"href":"https:\/\/www.aynuraydiner.com\/de\/wp-json\/wp\/v2\/comments?post=116"}],"version-history":[{"count":4,"href":"https:\/\/www.aynuraydiner.com\/de\/wp-json\/wp\/v2\/pages\/116\/revisions"}],"predecessor-version":[{"id":408,"href":"https:\/\/www.aynuraydiner.com\/de\/wp-json\/wp\/v2\/pages\/116\/revisions\/408"}],"wp:attachment":[{"href":"https:\/\/www.aynuraydiner.com\/de\/wp-json\/wp\/v2\/media?parent=116"}],"curies":[{"name":"wp","href":"https:\/\/api.w.org\/{rel}","templated":true}]}}