{"id":94,"date":"2025-07-12T18:58:58","date_gmt":"2025-07-12T15:58:58","guid":{"rendered":"https:\/\/www.aynuraydiner.com\/de\/danismanlik-hizmetlerim\/"},"modified":"2025-07-19T16:58:01","modified_gmt":"2025-07-19T13:58:01","slug":"meine-angebote","status":"publish","type":"page","link":"https:\/\/www.aynuraydiner.com\/de\/meine-angebote\/","title":{"rendered":"Meine Angebote"},"content":{"rendered":"\t\t<div data-elementor-type=\"wp-page\" data-elementor-id=\"94\" class=\"elementor elementor-94\" data-elementor-post-type=\"page\">\n\t\t\t\t<div class=\"elementor-element elementor-element-545380e e-con-full e-flex e-con e-parent\" data-id=\"545380e\" data-element_type=\"container\" data-e-type=\"container\">\n\t\t\t\t<div class=\"elementor-element elementor-element-941807e elementor-widget elementor-widget-text-editor\" data-id=\"941807e\" data-element_type=\"widget\" data-e-type=\"widget\" data-widget_type=\"text-editor.default\">\n\t\t\t\t<div class=\"elementor-widget-container\">\n\t\t\t\t\t\t\t\t\t<p>Jeder Mensch ist einzigartig \u2013 und so sind auch seine gesundheitlichen Bed\u00fcrfnisse. Deshalb biete ich keine Standardl\u00f6sungen, sondern individuelle, ganzheitliche und nachhaltige Gesundheitskonzepte.<\/p>\n<p>Hier sind die Hauptbereiche, in denen wir zusammenarbeiten k\u00f6nnen:<\/p>\n<p><!-- \/wp:paragraph --><!-- wp:heading --><\/p>\t\t\t\t\t\t\t\t<\/div>\n\t\t\t\t<\/div>\n\t\t<div class=\"elementor-element elementor-element-187f0999 e-grid e-con-full e-con e-child\" data-id=\"187f0999\" data-element_type=\"container\" data-e-type=\"container\">\n\t\t<div class=\"elementor-element elementor-element-49810604 e-con-full e-flex e-con e-child\" data-id=\"49810604\" data-element_type=\"container\" data-e-type=\"container\">\n\t\t\t\t<\/div>\n\t\t<div class=\"elementor-element elementor-element-262eba8d e-con-full e-flex e-con e-child\" data-id=\"262eba8d\" data-element_type=\"container\" data-e-type=\"container\">\n\t\t<div class=\"elementor-element elementor-element-74c12de3 e-con-full e-flex e-con e-child\" data-id=\"74c12de3\" data-element_type=\"container\" data-e-type=\"container\">\n\t\t\t\t<div class=\"elementor-element elementor-element-35f5ded elementor-widget elementor-widget-heading\" data-id=\"35f5ded\" data-element_type=\"widget\" data-e-type=\"widget\" data-widget_type=\"heading.default\">\n\t\t\t\t<div class=\"elementor-widget-container\">\n\t\t\t\t\t<h3 class=\"elementor-heading-title elementor-size-default\">Ganzheitliche Ern\u00e4hrungsberatung<\/h3>\t\t\t\t<\/div>\n\t\t\t\t<\/div>\n\t\t\t\t<\/div>\n\t\t<div class=\"elementor-element elementor-element-6c3d2e39 e-con-full e-flex e-con e-child\" data-id=\"6c3d2e39\" data-element_type=\"container\" data-e-type=\"container\">\n\t\t\t\t<div class=\"elementor-element elementor-element-4bf90c8f elementor-widget elementor-widget-text-editor\" data-id=\"4bf90c8f\" data-element_type=\"widget\" data-e-type=\"widget\" data-widget_type=\"text-editor.default\">\n\t\t\t\t<div class=\"elementor-widget-container\">\n\t\t\t\t\t\t\t\t\t<p><strong><em>Lernen Sie, auf die Signale Ihres K\u00f6rpers zu h\u00f6ren!<\/em><\/strong><br \/>Die richtigen N\u00e4hrstoffe zur richtigen Zeit zu sich zu nehmen, beeinflusst nicht nur die k\u00f6rperliche Gesundheit, sondern auch das seelische und mentale Gleichgewicht.<br \/>In diesem Angebot:<\/p>\n<ul>\n<li>Analyse Ihrer aktuellen Essgewohnheiten<\/li>\n<li>F\u00f6rderung der Darmgesundheit<\/li>\n<li>Individuelle, nat\u00fcrliche und alltagstaugliche Ern\u00e4hrungspl\u00e4ne<\/li>\n<\/ul>\t\t\t\t\t\t\t\t<\/div>\n\t\t\t\t<\/div>\n\t\t\t\t<\/div>\n\t\t\t\t<\/div>\n\t\t\t\t<\/div>\n\t\t<div class=\"elementor-element elementor-element-2ef31116 e-grid e-con-full e-con e-child\" data-id=\"2ef31116\" data-element_type=\"container\" data-e-type=\"container\">\n\t\t<div class=\"elementor-element elementor-element-3e9682eb e-con-full e-flex e-con e-child\" data-id=\"3e9682eb\" data-element_type=\"container\" data-e-type=\"container\">\n\t\t<div class=\"elementor-element elementor-element-53f0299c e-con-full e-flex e-con e-child\" data-id=\"53f0299c\" data-element_type=\"container\" data-e-type=\"container\">\n\t\t\t\t<div class=\"elementor-element elementor-element-7b73141c elementor-widget elementor-widget-heading\" data-id=\"7b73141c\" data-element_type=\"widget\" data-e-type=\"widget\" data-widget_type=\"heading.default\">\n\t\t\t\t<div class=\"elementor-widget-container\">\n\t\t\t\t\t<h3 class=\"elementor-heading-title elementor-size-default\">Gesundheitsberatung aus ganzheitlicher Perspektive<\/h3>\t\t\t\t<\/div>\n\t\t\t\t<\/div>\n\t\t\t\t<\/div>\n\t\t<div class=\"elementor-element elementor-element-dbc4c4c e-con-full e-flex e-con e-child\" data-id=\"dbc4c4c\" data-element_type=\"container\" data-e-type=\"container\">\n\t\t\t\t<div class=\"elementor-element elementor-element-5f00e82c elementor-widget elementor-widget-text-editor\" data-id=\"5f00e82c\" data-element_type=\"widget\" data-e-type=\"widget\" data-widget_type=\"text-editor.default\">\n\t\t\t\t<div class=\"elementor-widget-container\">\n\t\t\t\t\t\t\t\t\t<p><strong><em>Wir jagen nicht den Symptomen hinterher \u2013 wir suchen die Ursachen.<\/em><\/strong><\/p>\n<p><br \/>Bei chronischer Ersch\u00f6pfung, Gewichtsproblemen, Verdauungsst\u00f6rungen oder einem geschw\u00e4chten Immunsystem analysieren wir ganzheitlich und sp\u00fcren die Wurzeln auf.<br \/>Inhalte:<\/p>\n<ul>\n<li>Analyse der gesundheitlichen Vorgeschichte &amp; Lebensgewohnheite<\/li>\n<li>Empfehlungen f\u00fcr einen ganzheitlichen Lebensstil<\/li>\n<\/ul>\t\t\t\t\t\t\t\t<\/div>\n\t\t\t\t<\/div>\n\t\t\t\t<\/div>\n\t\t\t\t<\/div>\n\t\t<div class=\"elementor-element elementor-element-65535b96 e-con-full e-flex e-con e-child\" data-id=\"65535b96\" data-element_type=\"container\" data-e-type=\"container\">\n\t\t\t\t<\/div>\n\t\t\t\t<\/div>\n\t\t<div class=\"elementor-element elementor-element-23ebf0dc e-grid e-con-full e-con e-child\" data-id=\"23ebf0dc\" data-element_type=\"container\" data-e-type=\"container\">\n\t\t<div class=\"elementor-element elementor-element-4c211f71 e-con-full e-flex e-con e-child\" data-id=\"4c211f71\" data-element_type=\"container\" data-e-type=\"container\">\n\t\t\t\t<\/div>\n\t\t<div class=\"elementor-element elementor-element-7243c46e e-con-full e-flex e-con e-child\" data-id=\"7243c46e\" data-element_type=\"container\" data-e-type=\"container\">\n\t\t<div class=\"elementor-element elementor-element-3067a6c3 e-con-full e-flex e-con e-child\" data-id=\"3067a6c3\" data-element_type=\"container\" data-e-type=\"container\">\n\t\t\t\t<div class=\"elementor-element elementor-element-31212447 elementor-widget elementor-widget-heading\" data-id=\"31212447\" data-element_type=\"widget\" data-e-type=\"widget\" data-widget_type=\"heading.default\">\n\t\t\t\t<div class=\"elementor-widget-container\">\n\t\t\t\t\t<h3 class=\"elementor-heading-title elementor-size-default\">Detox-Programme (optional)<\/h3>\t\t\t\t<\/div>\n\t\t\t\t<\/div>\n\t\t\t\t<\/div>\n\t\t\t\t<div class=\"elementor-element elementor-element-5e090cb2 elementor-widget elementor-widget-text-editor\" data-id=\"5e090cb2\" data-element_type=\"widget\" data-e-type=\"widget\" data-widget_type=\"text-editor.default\">\n\t\t\t\t<div class=\"elementor-widget-container\">\n\t\t\t\t\t\t\t\t\t<!-- wp:paragraph --><!-- \/wp:list --><!-- wp:heading -->\n<ul class=\"wp-block-list\"><!-- \/wp:list-item --><\/ul>\n<!-- \/wp:list --><!-- wp:heading --><!-- \/wp:heading --><!-- wp:paragraph --><!-- \/wp:paragraph --><!-- wp:heading --><!-- \/wp:heading --><!-- wp:paragraph -->\n<p><strong><em>Lernen Sie nat\u00fcrliche Wege kennen, wie Ihr K\u00f6rper sich selbst regenerieren kann.<\/em><\/strong><\/p>\n<p>Inhalte:<\/p>\n<ul>\n<li>Leichte, nachhaltige Detox-Impulse<\/li>\n<li>Begleitende Aufkl\u00e4rung zur bewussten Anwendung von Nahrungserg\u00e4nzungsmitteln<\/li>\n<\/ul>\n<p><strong>Hinweis:<\/strong> Es erfolgt kein Produktverkauf \u2013 die Empfehlungen dienen ausschlie\u00dflich der Information.<\/p>\n<!-- \/wp:paragraph --><!-- wp:paragraph --><!-- \/wp:paragraph -->\t\t\t\t\t\t\t\t<\/div>\n\t\t\t\t<\/div>\n\t\t\t\t<\/div>\n\t\t\t\t<\/div>\n\t\t<div class=\"elementor-element elementor-element-1fbccb19 e-grid e-con-full e-con e-child\" data-id=\"1fbccb19\" data-element_type=\"container\" data-e-type=\"container\">\n\t\t<div class=\"elementor-element elementor-element-59a1c38d e-con-full e-flex e-con e-child\" data-id=\"59a1c38d\" data-element_type=\"container\" data-e-type=\"container\">\n\t\t<div class=\"elementor-element elementor-element-72999694 e-con-full e-flex e-con e-child\" data-id=\"72999694\" data-element_type=\"container\" data-e-type=\"container\">\n\t\t\t\t<div class=\"elementor-element elementor-element-6fdc388c elementor-widget elementor-widget-heading\" data-id=\"6fdc388c\" data-element_type=\"widget\" data-e-type=\"widget\" data-widget_type=\"heading.default\">\n\t\t\t\t<div class=\"elementor-widget-container\">\n\t\t\t\t\t<h3 class=\"elementor-heading-title elementor-size-default\">Betriebliche &amp; Akademische Schulungen<\/h3>\t\t\t\t<\/div>\n\t\t\t\t<\/div>\n\t\t\t\t<\/div>\n\t\t<div class=\"elementor-element elementor-element-230fc2d3 e-con-full e-flex e-con e-child\" data-id=\"230fc2d3\" data-element_type=\"container\" data-e-type=\"container\">\n\t\t\t\t<div class=\"elementor-element elementor-element-30c314d elementor-widget elementor-widget-text-editor\" data-id=\"30c314d\" data-element_type=\"widget\" data-e-type=\"widget\" data-widget_type=\"text-editor.default\">\n\t\t\t\t<div class=\"elementor-widget-container\">\n\t\t\t\t\t\t\t\t\t<p>Auf Anfrage biete ich ma\u00dfgeschneiderte Schulungsangebote f\u00fcr Unternehmen und akademische Einrichtungen mit dem Schwerpunkt &#8220;Ganzheitliche Ern\u00e4hrung &amp; Gesundheit&#8221; Die Inhalte werden flexibel an die Bed\u00fcrfnisse der Zielgruppe angepasst.<\/p>\n<p><br \/>Beispiele f\u00fcr bereits durchgef\u00fchrte Seminare:<\/p>\n<ul>\n<li>&#8220;Ganzheitliche Perspektive auf gesunde Ern\u00e4hrung: K\u00f6rper, Geist &amp; Seele&#8221;<\/li>\n<li>&#8220;Die Heilkraft der Nahrung: Der Zusammenhang zwischen Ern\u00e4hrung und Gesundheit&#8221;<\/li>\n<li>&#8220;Bewusster Konsum und gesunde Lebensmittelwahl&#8221;<\/li>\n<li>&#8220;Ern\u00e4hrungsstrategien f\u00fcr ganzheitliches Wohlbefinden&#8221;<\/li>\n<li>\u201eErn\u00e4hrung als Schl\u00fcssel bei Stressmanagement &amp; Energiebalance&#8221;<\/li>\n<\/ul>\n<p>Mit meinem interdisziplin\u00e4ren Wissen und einem innovativen, wissenschaftlich fundierten Ansatz m\u00f6chte ich vielen Menschen auf ihrem Weg zu einem ges\u00fcnderen und bewussteren Leben helfen.<\/p>\t\t\t\t\t\t\t\t<\/div>\n\t\t\t\t<\/div>\n\t\t\t\t<\/div>\n\t\t\t\t<\/div>\n\t\t<div class=\"elementor-element elementor-element-33b64dff e-con-full e-flex e-con e-child\" data-id=\"33b64dff\" data-element_type=\"container\" data-e-type=\"container\">\n\t\t\t\t<\/div>\n\t\t\t\t<\/div>\n\t\t\t\t<\/div>\n\t\t\t\t<\/div>\n\t\t","protected":false},"excerpt":{"rendered":"<p>Entfernungen sind kein Hindernis auf dem Weg zu einer gesunden Ern\u00e4hrung!<\/p>\n","protected":false},"author":1,"featured_media":0,"parent":0,"menu_order":0,"comment_status":"closed","ping_status":"closed","template":"","meta":{"footnotes":""},"class_list":["post-94","page","type-page","status-publish","hentry"],"_links":{"self":[{"href":"https:\/\/www.aynuraydiner.com\/de\/wp-json\/wp\/v2\/pages\/94","targetHints":{"allow":["GET"]}}],"collection":[{"href":"https:\/\/www.aynuraydiner.com\/de\/wp-json\/wp\/v2\/pages"}],"about":[{"href":"https:\/\/www.aynuraydiner.com\/de\/wp-json\/wp\/v2\/types\/page"}],"author":[{"embeddable":true,"href":"https:\/\/www.aynuraydiner.com\/de\/wp-json\/wp\/v2\/users\/1"}],"replies":[{"embeddable":true,"href":"https:\/\/www.aynuraydiner.com\/de\/wp-json\/wp\/v2\/comments?post=94"}],"version-history":[{"count":19,"href":"https:\/\/www.aynuraydiner.com\/de\/wp-json\/wp\/v2\/pages\/94\/revisions"}],"predecessor-version":[{"id":334,"href":"https:\/\/www.aynuraydiner.com\/de\/wp-json\/wp\/v2\/pages\/94\/revisions\/334"}],"wp:attachment":[{"href":"https:\/\/www.aynuraydiner.com\/de\/wp-json\/wp\/v2\/media?parent=94"}],"curies":[{"name":"wp","href":"https:\/\/api.w.org\/{rel}","templated":true}]}}