{"id":658,"date":"2025-06-10T20:14:02","date_gmt":"2025-06-10T17:14:02","guid":{"rendered":"https:\/\/www.aynuraydiner.com\/?page_id=658"},"modified":"2025-08-03T17:37:01","modified_gmt":"2025-08-03T14:37:01","slug":"my-consulting-services","status":"publish","type":"page","link":"https:\/\/www.aynuraydiner.com\/en\/my-consulting-services\/","title":{"rendered":"My Consulting Services"},"content":{"rendered":"\t\t<div data-elementor-type=\"wp-page\" data-elementor-id=\"658\" class=\"elementor elementor-658\" data-elementor-post-type=\"page\">\n\t\t\t\t<div class=\"elementor-element elementor-element-5045cfac e-con-full e-flex e-con e-parent\" data-id=\"5045cfac\" data-element_type=\"container\" data-e-type=\"container\">\n\t\t\t\t<div class=\"elementor-element elementor-element-85e285e elementor-widget elementor-widget-text-editor\" data-id=\"85e285e\" data-element_type=\"widget\" data-e-type=\"widget\" data-widget_type=\"text-editor.default\">\n\t\t\t\t\t\t\t\t\t<p><strong>Personalized, Holistic Health Journeys<\/strong><\/p><p><em>Online \u2013 (worldwide) available, English, Turkish, German<\/em><\/p><p>Distance is no obstacle on your path to healthy living! Every individual is unique, and every body has its own specific needs. That\u2019s why I don\u2019t offer one-size-fits-all solutions \u2014 instead, I create personalized, holistic, and sustainable health plans tailored just for you.<\/p><p>Here are the main areas where we can work together:<\/p><p><!-- \/wp:paragraph --><!-- wp:heading --><\/p>\t\t\t\t\t\t\t\t<\/div>\n\t\t<div class=\"elementor-element elementor-element-2be93f7 e-grid e-con-full e-con e-child\" data-id=\"2be93f7\" data-element_type=\"container\" data-e-type=\"container\">\n\t\t<div class=\"elementor-element elementor-element-5ef57f0 e-con-full e-flex e-con e-child\" data-id=\"5ef57f0\" data-element_type=\"container\" data-e-type=\"container\">\n\t\t\t\t<\/div>\n\t\t<div class=\"elementor-element elementor-element-ea79b7f e-con-full e-flex e-con e-child\" data-id=\"ea79b7f\" data-element_type=\"container\" data-e-type=\"container\">\n\t\t<div class=\"elementor-element elementor-element-1f2301e e-con-full e-flex e-con e-child\" data-id=\"1f2301e\" data-element_type=\"container\" data-e-type=\"container\">\n\t\t\t\t<div class=\"elementor-element elementor-element-1eb2f6e elementor-widget elementor-widget-heading\" data-id=\"1eb2f6e\" data-element_type=\"widget\" data-e-type=\"widget\" data-widget_type=\"heading.default\">\n\t\t\t\t\t<h3 class=\"elementor-heading-title elementor-size-default\">Holistic Nutrition Consulting<\/h3>\t\t\t\t<\/div>\n\t\t\t\t<\/div>\n\t\t<div class=\"elementor-element elementor-element-d4b617c e-con-full e-flex e-con e-child\" data-id=\"d4b617c\" data-element_type=\"container\" data-e-type=\"container\">\n\t\t\t\t<div class=\"elementor-element elementor-element-7b96dc9 elementor-widget elementor-widget-text-editor\" data-id=\"7b96dc9\" data-element_type=\"widget\" data-e-type=\"widget\" data-widget_type=\"text-editor.default\">\n\t\t\t\t\t\t\t\t\t<p><em>Learn to listen to your body\u2019s voice!<\/em><br \/>Eating the right foods at the right time affects not only your physical health but also your mental and emotional balance.<\/p>\n<p>This service includes:<\/p>\n<ul>\n<li>Analysis of your eating habits<\/li>\n<li>Focus on gut health<\/li>\n<li>Personalized, natural, and practical nutrition plans<\/li>\n<\/ul>\t\t\t\t\t\t\t\t<\/div>\n\t\t\t\t<\/div>\n\t\t\t\t<\/div>\n\t\t\t\t<\/div>\n\t\t<div class=\"elementor-element elementor-element-3c557e1 e-grid e-con-full e-con e-child\" data-id=\"3c557e1\" data-element_type=\"container\" data-e-type=\"container\">\n\t\t<div class=\"elementor-element elementor-element-39d042a e-con-full e-flex e-con e-child\" data-id=\"39d042a\" data-element_type=\"container\" data-e-type=\"container\">\n\t\t<div class=\"elementor-element elementor-element-3be345c e-con-full e-flex e-con e-child\" data-id=\"3be345c\" data-element_type=\"container\" data-e-type=\"container\">\n\t\t\t\t<div class=\"elementor-element elementor-element-91f09b0 elementor-widget elementor-widget-heading\" data-id=\"91f09b0\" data-element_type=\"widget\" data-e-type=\"widget\" data-widget_type=\"heading.default\">\n\t\t\t\t\t<h3 class=\"elementor-heading-title elementor-size-default\">Detox Programs (Optional)<\/h3>\t\t\t\t<\/div>\n\t\t\t\t<\/div>\n\t\t<div class=\"elementor-element elementor-element-e944885 e-con-full e-flex e-con e-child\" data-id=\"e944885\" data-element_type=\"container\" data-e-type=\"container\">\n\t\t\t\t<div class=\"elementor-element elementor-element-15d993d elementor-widget elementor-widget-text-editor\" data-id=\"15d993d\" data-element_type=\"widget\" data-e-type=\"widget\" data-widget_type=\"text-editor.default\">\n\t\t\t\t\t\t\t\t\t<p><em>Learn natural ways to support your body\u2019s self-renewal power.<\/em><\/p>\n<p>Includes:<\/p>\n<ul>\n<li>Gentle, sustainable detox recommendations<\/li>\n<li>Guidance on mindful supplement use<\/li>\n<\/ul>\n<p><em>Note: No products are sold. This is only for informational purposes.<\/em><\/p>\t\t\t\t\t\t\t\t<\/div>\n\t\t\t\t<\/div>\n\t\t\t\t<\/div>\n\t\t<div class=\"elementor-element elementor-element-6e1e7cf e-con-full e-flex e-con e-child\" data-id=\"6e1e7cf\" data-element_type=\"container\" data-e-type=\"container\">\n\t\t\t\t<\/div>\n\t\t\t\t<\/div>\n\t\t<div class=\"elementor-element elementor-element-c3708b4 e-grid e-con-full e-con e-child\" data-id=\"c3708b4\" data-element_type=\"container\" data-e-type=\"container\">\n\t\t<div class=\"elementor-element elementor-element-b119452 e-con-full e-flex e-con e-child\" data-id=\"b119452\" data-element_type=\"container\" data-e-type=\"container\">\n\t\t\t\t<\/div>\n\t\t<div class=\"elementor-element elementor-element-804fe14 e-con-full e-flex e-con e-child\" data-id=\"804fe14\" data-element_type=\"container\" data-e-type=\"container\">\n\t\t<div class=\"elementor-element elementor-element-2dc33a8 e-con-full e-flex e-con e-child\" data-id=\"2dc33a8\" data-element_type=\"container\" data-e-type=\"container\">\n\t\t\t\t<div class=\"elementor-element elementor-element-006bbb1 elementor-widget elementor-widget-heading\" data-id=\"006bbb1\" data-element_type=\"widget\" data-e-type=\"widget\" data-widget_type=\"heading.default\">\n\t\t\t\t\t<h3 class=\"elementor-heading-title elementor-size-default\">Corporate &amp; Academic Trainings<\/h3>\t\t\t\t<\/div>\n\t\t\t\t<\/div>\n\t\t\t\t<div class=\"elementor-element elementor-element-346ba0fa elementor-widget elementor-widget-text-editor\" data-id=\"346ba0fa\" data-element_type=\"widget\" data-e-type=\"widget\" data-widget_type=\"text-editor.default\">\n\t\t\t\t\t\t\t\t\t<!-- wp:paragraph --><!-- \/wp:list --><!-- wp:heading -->\n<ul class=\"wp-block-list\"><!-- \/wp:list-item --><\/ul>\n<!-- \/wp:list --><!-- wp:heading --><!-- \/wp:heading --><!-- wp:paragraph --><!-- \/wp:paragraph --><!-- wp:heading --><!-- \/wp:heading --><!-- wp:paragraph -->\n<p>Upon request, I offer tailored holistic nutrition and healthy living trainings designed specifically for organizations and academic institutions. Content can be flexibly adjusted to meet the needs of your target audience.<\/p>\n<p>Some of the training programs I have developed and delivered include:<\/p>\n<ul>\n<li><em>\u201cA Holistic View on Healthy Nutrition: Body, Mind, and Soul\u201d<\/em><\/li>\n<li><em>\u201cThe Healing Power of Food: Nutrition and Health Connection\u201d<\/em><\/li>\n<li><em>\u201cConscious Consumption and Healthy Food Choices\u201d<\/em><\/li>\n<li><em>\u201cNutrition Strategies for Holistic Health\u201d<\/em><\/li>\n<li><em>\u201cThe Role of Nutrition in Stress Management and Energy Balance\u201d<\/em><\/li>\n<\/ul>\n<p>\u00a0<\/p>\n<p>I transform my interdisciplinary knowledge into innovative, science-based training and consulting services to touch more lives and promote well-being.<\/p>\n<!-- \/wp:paragraph --><!-- wp:paragraph --><!-- \/wp:paragraph -->\t\t\t\t\t\t\t\t<\/div>\n\t\t\t\t<\/div>\n\t\t\t\t<\/div>\n\t\t<div class=\"elementor-element elementor-element-8368e98 e-grid e-con-full e-con e-child\" data-id=\"8368e98\" data-element_type=\"container\" data-e-type=\"container\">\n\t\t<div class=\"elementor-element elementor-element-7a468d9 e-con-full e-flex e-con e-child\" data-id=\"7a468d9\" data-element_type=\"container\" data-e-type=\"container\">\n\t\t<div class=\"elementor-element elementor-element-919a0ca e-con-full e-flex e-con e-child\" data-id=\"919a0ca\" data-element_type=\"container\" data-e-type=\"container\">\n\t\t\t\t<div class=\"elementor-element elementor-element-7634922 elementor-widget elementor-widget-heading\" data-id=\"7634922\" data-element_type=\"widget\" data-e-type=\"widget\" data-widget_type=\"heading.default\">\n\t\t\t\t\t<h3 class=\"elementor-heading-title elementor-size-default\">Holistic Health Consulting<\/h3>\t\t\t\t<\/div>\n\t\t\t\t<\/div>\n\t\t<div class=\"elementor-element elementor-element-3b6bd0c e-con-full e-flex e-con e-child\" data-id=\"3b6bd0c\" data-element_type=\"container\" data-e-type=\"container\">\n\t\t\t\t<div class=\"elementor-element elementor-element-bfcf12d elementor-widget elementor-widget-text-editor\" data-id=\"bfcf12d\" data-element_type=\"widget\" data-e-type=\"widget\" data-widget_type=\"text-editor.default\">\n\t\t\t\t\t\t\t\t\t<p><em>We don\u2019t chase symptoms \u2014 we seek root causes.<\/em><\/p>\n<p>Through a holistic approach, we investigate underlying causes of chronic fatigue, weight issues, digestive problems, or weakened immunity.<\/p>\n<p>This includes:<\/p>\n<ul>\n<li>Evaluation of health history &amp; lifestyle<\/li>\n<li>Recommendations for a holistic life plan<\/li>\n<\/ul>\t\t\t\t\t\t\t\t<\/div>\n\t\t\t\t<\/div>\n\t\t\t\t<\/div>\n\t\t<div class=\"elementor-element elementor-element-ad9f169 e-con-full e-flex e-con e-child\" data-id=\"ad9f169\" data-element_type=\"container\" data-e-type=\"container\">\n\t\t\t\t<\/div>\n\t\t\t\t<\/div>\n\t\t\t\t<\/div>\n\t\t\t\t<\/div>\n\t\t","protected":false},"excerpt":{"rendered":"<p>Size \u00d6zel, B\u00fct\u00fcnsel Sa\u011fl\u0131k Yolculuklar\u0131, online \u2013 t\u00fcm d\u00fcnya, T\u00fcrk\u00e7e, Almanca<br \/>\nMesafeler, sa\u011fl\u0131kl\u0131 beslenme yolculu\u011funuz i\u00e7in engel de\u011fildir!<\/p>\n","protected":false},"author":1,"featured_media":0,"parent":0,"menu_order":0,"comment_status":"closed","ping_status":"closed","template":"","meta":{"footnotes":""},"class_list":["post-658","page","type-page","status-publish","hentry"],"_links":{"self":[{"href":"https:\/\/www.aynuraydiner.com\/en\/wp-json\/wp\/v2\/pages\/658","targetHints":{"allow":["GET"]}}],"collection":[{"href":"https:\/\/www.aynuraydiner.com\/en\/wp-json\/wp\/v2\/pages"}],"about":[{"href":"https:\/\/www.aynuraydiner.com\/en\/wp-json\/wp\/v2\/types\/page"}],"author":[{"embeddable":true,"href":"https:\/\/www.aynuraydiner.com\/en\/wp-json\/wp\/v2\/users\/1"}],"replies":[{"embeddable":true,"href":"https:\/\/www.aynuraydiner.com\/en\/wp-json\/wp\/v2\/comments?post=658"}],"version-history":[{"count":13,"href":"https:\/\/www.aynuraydiner.com\/en\/wp-json\/wp\/v2\/pages\/658\/revisions"}],"predecessor-version":[{"id":1842,"href":"https:\/\/www.aynuraydiner.com\/en\/wp-json\/wp\/v2\/pages\/658\/revisions\/1842"}],"wp:attachment":[{"href":"https:\/\/www.aynuraydiner.com\/en\/wp-json\/wp\/v2\/media?parent=658"}],"curies":[{"name":"wp","href":"https:\/\/api.w.org\/{rel}","templated":true}]}}