{"id":82,"date":"2023-02-03T20:55:10","date_gmt":"2021-02-03T17:55:10","guid":{"rendered":"https:\/\/safirdemo.com\/atolye\/hakkimizda\/"},"modified":"2026-01-27T20:53:30","modified_gmt":"2026-01-27T17:53:30","slug":"about-me","status":"publish","type":"page","link":"https:\/\/www.aynuraydiner.com\/en\/about-me\/","title":{"rendered":"About Me"},"content":{"rendered":"\t\t<div data-elementor-type=\"wp-page\" data-elementor-id=\"82\" class=\"elementor elementor-82\" data-elementor-post-type=\"page\">\n\t\t\t\t<div class=\"elementor-element elementor-element-4ce3f547 e-con-full e-flex e-con e-parent\" data-id=\"4ce3f547\" data-element_type=\"container\" data-e-type=\"container\">\n\t\t\t\t<div class=\"elementor-element elementor-element-3e0e7f5 elementor-widget elementor-widget-heading\" data-id=\"3e0e7f5\" data-element_type=\"widget\" data-e-type=\"widget\" data-widget_type=\"heading.default\">\n\t\t\t\t\t<h3 class=\"elementor-heading-title elementor-size-default\">Who Am I? \u2014 A Journey from Within<\/h3>\t\t\t\t<\/div>\n\t\t<div class=\"elementor-element elementor-element-271b0f3 e-con-full e-flex e-con e-child\" data-id=\"271b0f3\" data-element_type=\"container\" data-e-type=\"container\">\n\t\t<div class=\"elementor-element elementor-element-a9e66f6 e-con-full e-flex e-con e-child\" data-id=\"a9e66f6\" data-element_type=\"container\" data-e-type=\"container\">\n\t\t\t\t<div class=\"elementor-element elementor-element-e8801dc elementor-widget elementor-widget-text-editor\" data-id=\"e8801dc\" data-element_type=\"widget\" data-e-type=\"widget\" data-widget_type=\"text-editor.default\">\n\t\t\t\t\t\t\t\t\t<p>Who Am I? \u2014 A Journey from Within<br \/>Hello, I\u2019m Aynur Ayd\u0131ner \u2014 a Holistic Nutrition Consultant who believes that healthy living is not just about what we eat, but also how we live. With a background in medicine, experience in the corporate food industry, and a deeply personal health journey, I\u2019ve come to learn this truth:<\/p>\n<p><br \/><strong>True health is the balance of body, mind, and soul \u2014 working together in harmony.<\/strong><\/p>\n<p><br \/>Throughout human history, there has never been a more crucial time than now to take control of our health and improve our lifestyle.<\/p>\n<p>Every day, we are exposed to thousands of stressors and toxins\u2014silent drops slowly filling the glass until it overflows. These include environmental and airborne toxins, contaminated water, food, medications, clothing, personal care products, electromagnetic fields (EMF), stress, anxiety, lack of exercise, and poor nutrition lacking in essential micronutrients.<\/p>\n<p>On top of all that, we consume too much\u2014too fatty, too sweet, too much meat. Could these factors be driving the rapid rise of chronic illnesses, cancer, neurological disorders, skin problems, cardiovascular diseases, and many other health issues in modern civilization?<\/p>\n<p>Is it possible for us to take full responsibility for our own health and live a truly healthy life? Together, we can find the answer. I myself once struggled with chronic illnesses, high blood markers, and dependency on medications. But I didn\u2019t give up. By reading nearly 200 local and international scientific articles, books, and studies, I not only reclaimed my own health but also embarked on the path to becoming an expert in this field.<\/p>\n<p>Today, I share what I have learned and experienced with my clients\u2014guiding them towards their own unique paths through holistic nutrition, functional medicine, and the integration of mind, body, and soul.<\/p>\n<p><!-- \/wp:list-item --><\/p>\n<p><!-- \/wp:list --><\/p>\n<p><!-- wp:safirtema\/mainheading {\"icon\":\"arti2\",\"text\":\"Bug\u00fcn Ne Yap\u0131yorum?\"} \/--><\/p>\n<p><!-- wp:paragraph --><\/p>\t\t\t\t\t\t\t\t<\/div>\n\t\t\t\t<div class=\"elementor-element elementor-element-025cfdf elementor-widget elementor-widget-heading\" data-id=\"025cfdf\" data-element_type=\"widget\" data-e-type=\"widget\" data-widget_type=\"heading.default\">\n\t\t\t\t\t<h3 class=\"elementor-heading-title elementor-size-default\">Education &amp; Experience Summary<\/h3>\t\t\t\t<\/div>\n\t\t\t\t<div class=\"elementor-element elementor-element-b1aecff elementor-widget elementor-widget-text-editor\" data-id=\"b1aecff\" data-element_type=\"widget\" data-e-type=\"widget\" data-widget_type=\"text-editor.default\">\n\t\t\t\t\t\t\t\t\t<p><strong>Medical Education:<\/strong><br \/>Essen University Hospital, Germany \u2014 1986\u20131990<\/p>\n<p><strong>International Corporate Experience:<\/strong><br \/>Food Purchasing Specialist, real,-\/MGB Turkey \u2014 1998\u20132005<\/p>\n<p><br \/><strong>Specialized Training in Holistic Health, Nutrition &amp; Functional Medicine:<\/strong><br \/>Sakarya University \u2014 Healthy Nutrition Coaching, 2020\u20132024<\/p>\n<p>International Programs at Medumio Academy, Riccon Academy, and Akademie f\u00fcr<br \/>Gesundheit und Sport<\/p>\n<p><br \/><strong>Hundreds of scientific sources and real-life practice<\/strong><\/p>\t\t\t\t\t\t\t\t<\/div>\n\t\t\t\t<div class=\"elementor-element elementor-element-6b57aba elementor-widget elementor-widget-heading\" data-id=\"6b57aba\" data-element_type=\"widget\" data-e-type=\"widget\" data-widget_type=\"heading.default\">\n\t\t\t\t\t<h3 class=\"elementor-heading-title elementor-size-default\">What I Do Today?<\/h3>\t\t\t\t<\/div>\n\t\t\t\t<div class=\"elementor-element elementor-element-e4de76c elementor-widget elementor-widget-text-editor\" data-id=\"e4de76c\" data-element_type=\"widget\" data-e-type=\"widget\" data-widget_type=\"text-editor.default\">\n\t\t\t\t\t\t\t\t\t<p>Today, I go beyond nutrition with a holistic perspective, focusing on understanding:<\/p>\n<ul>\n<li>The body\u2019s biological and chemical needs<\/li>\n<li>The mind\u2019s habits and hunger cycles<\/li>\n<li>The soul\u2019s emotional connection to nourishment<\/li>\n<\/ul>\n<p>My consulting services provide not only information but awareness and transformation. Because it\u2019s not just what you eat, but why you eat and how you feel that truly matters.<\/p>\t\t\t\t\t\t\t\t<\/div>\n\t\t\t\t<\/div>\n\t\t<div class=\"elementor-element elementor-element-c25470d e-con-full e-flex e-con e-child\" data-id=\"c25470d\" data-element_type=\"container\" data-e-type=\"container\" data-settings=\"{&quot;background_background&quot;:&quot;classic&quot;}\">\n\t\t\t\t<div class=\"elementor-element elementor-element-c4c601a elementor-widget elementor-widget-image\" data-id=\"c4c601a\" data-element_type=\"widget\" data-e-type=\"widget\" data-widget_type=\"image.default\">\n\t\t\t\t\t\t\t\t\t\t\t\t\t\t\t<img decoding=\"async\" src=\"https:\/\/www.aynuraydiner.com\/en\/wp-content\/uploads\/sites\/5\/2026\/01\/aynur2026.jpg\" title=\"aynur2026\" alt=\"aynur2026\" loading=\"lazy\" \/>\t\t\t\t\t\t\t\t\t\t\t\t\t\t\t<\/div>\n\t\t\t\t<\/div>\n\t\t\t\t<\/div>\n\t\t\t\t<div class=\"elementor-element elementor-element-c772b43 elementor-widget elementor-widget-heading\" data-id=\"c772b43\" data-element_type=\"widget\" data-e-type=\"widget\" data-widget_type=\"heading.default\">\n\t\t\t\t\t<h3 class=\"elementor-heading-title elementor-size-default\">Who I Work With?<\/h3>\t\t\t\t<\/div>\n\t\t\t\t<div class=\"elementor-element elementor-element-4792e0b elementor-widget elementor-widget-text-editor\" data-id=\"4792e0b\" data-element_type=\"widget\" data-e-type=\"widget\" data-widget_type=\"text-editor.default\">\n\t\t\t\t\t\t\t\t\t<figure class=\"wp-block-image size-full\"><\/figure>\n<p><!-- \/wp:image --><\/p>\n<p><!-- wp:safirtema\/mainheading {\"icon\":\"kurumsal\",\"text\":\"Ben Kimim? \u2013 \u0130\u00e7ten Bir Yolculuk\",\"tag\":\"h2\",\"className\":\"wp-block-safirtema-mainheading singleHeading mainHeading\"} \/--><\/p>\n<p><!-- wp:paragraph --><\/p>\n<p><!-- \/wp:paragraph --><\/p>\n<p><!-- wp:safirtema\/mainheading {\"icon\":\"kalem\",\"text\":\"E\u011fitim \\u0026 Deneyim \u00d6zeti\",\"className\":\"wp-block-safirtema-mainheading singleHeading mainHeading\"} \/--><\/p>\n<p><!-- wp:list {\"ozelliste\":true,\"sutun\":\"1\"} --><\/p>\n<div class=\"safir-list\" data-col=\"1\">\n<ul class=\"wp-block-list\"><!-- wp:list-item --><\/ul>\n<\/div>\n<ul>\n<li>Those who want to be healthy and lose weight<\/li>\n<li>People experiencing chronic fatigue, digestive issues, or stress<\/li>\n<li>Anyone seeking a better quality of life but unsure where to start<\/li>\n<\/ul>\n<p>\u00a0<\/p>\n<p><strong>Philosophy:<\/strong><\/p>\n<p><strong>\u201c<em>The body is not only a physical entity but an emotional and mental whole. Together, we can <\/em><\/strong><strong><em>restore this wholeness.<\/em>\u201d<\/strong><\/p>\n<p>If you are ready to move beyond merely treating symptoms and want to uncover root causes and transform your health with a holistic approach\u2026<\/p>\n<p>I am here \u2014 let\u2019s begin the journey together.<\/p>\n<p><!-- \/wp:paragraph --><\/p>\t\t\t\t\t\t\t\t<\/div>\n\t\t\t\t<\/div>\n\t\t\t\t<\/div>\n\t\t","protected":false},"excerpt":{"rendered":"<p>Sertifikal\u0131 Holistik Sa\u011fl\u0131k ve Beslenme Dan\u0131\u015fman\u0131.<\/p>\n","protected":false},"author":1,"featured_media":1443,"parent":0,"menu_order":0,"comment_status":"closed","ping_status":"closed","template":"","meta":{"footnotes":""},"class_list":["post-82","page","type-page","status-publish","has-post-thumbnail","hentry"],"_links":{"self":[{"href":"https:\/\/www.aynuraydiner.com\/en\/wp-json\/wp\/v2\/pages\/82","targetHints":{"allow":["GET"]}}],"collection":[{"href":"https:\/\/www.aynuraydiner.com\/en\/wp-json\/wp\/v2\/pages"}],"about":[{"href":"https:\/\/www.aynuraydiner.com\/en\/wp-json\/wp\/v2\/types\/page"}],"author":[{"embeddable":true,"href":"https:\/\/www.aynuraydiner.com\/en\/wp-json\/wp\/v2\/users\/1"}],"replies":[{"embeddable":true,"href":"https:\/\/www.aynuraydiner.com\/en\/wp-json\/wp\/v2\/comments?post=82"}],"version-history":[{"count":13,"href":"https:\/\/www.aynuraydiner.com\/en\/wp-json\/wp\/v2\/pages\/82\/revisions"}],"predecessor-version":[{"id":1908,"href":"https:\/\/www.aynuraydiner.com\/en\/wp-json\/wp\/v2\/pages\/82\/revisions\/1908"}],"wp:featuredmedia":[{"embeddable":true,"href":"https:\/\/www.aynuraydiner.com\/en\/wp-json\/wp\/v2\/media\/1443"}],"wp:attachment":[{"href":"https:\/\/www.aynuraydiner.com\/en\/wp-json\/wp\/v2\/media?parent=82"}],"curies":[{"name":"wp","href":"https:\/\/api.w.org\/{rel}","templated":true}]}}